{"id":2863,"date":"2024-11-12T10:21:55","date_gmt":"2024-11-12T10:21:55","guid":{"rendered":"https:\/\/apolitan.com\/?page_id=2863"},"modified":"2026-01-14T21:34:42","modified_gmt":"2026-01-14T21:34:42","slug":"produkte-2-2","status":"publish","type":"page","link":"https:\/\/apolitan.com\/en\/produkte-2-2\/","title":{"rendered":"Stereoplayer"},"content":{"rendered":"<div data-elementor-type=\"wp-post\" data-elementor-id=\"2863\" class=\"elementor elementor-2863\">\n\t\t\t\t\t\t<section class=\"elementor-section elementor-top-section elementor-element elementor-element-aa4db9c elementor-section-stretched animated-slow elementor-section-height-min-height elementor-section-boxed elementor-section-height-default elementor-section-items-middle\" data-id=\"aa4db9c\" data-element_type=\"section\" data-settings=\"{&quot;stretch_section&quot;:&quot;section-stretched&quot;,&quot;background_background&quot;:&quot;gradient&quot;,&quot;animation&quot;:&quot;none&quot;,&quot;animation_delay&quot;:500}\">\n\t\t\t\t\t\t\t<div class=\"elementor-background-overlay\"><\/div>\n\t\t\t\t\t\t\t<div class=\"elementor-container elementor-column-gap-default\">\n\t\t\t\t\t<div class=\"elementor-column elementor-col-50 elementor-top-column elementor-element elementor-element-c511a69\" data-id=\"c511a69\" data-element_type=\"column\">\n\t\t\t<div class=\"elementor-widget-wrap\">\n\t\t\t\t\t\t\t<\/div>\n\t\t<\/div>\n\t\t\t\t<div class=\"elementor-column elementor-col-50 elementor-top-column elementor-element elementor-element-bf0e0eb\" data-id=\"bf0e0eb\" data-element_type=\"column\">\n\t\t\t<div class=\"elementor-widget-wrap\">\n\t\t\t\t\t\t\t<\/div>\n\t\t<\/div>\n\t\t\t\t\t<\/div>\n\t\t<\/section>\n\t\t\t\t<section class=\"elementor-section elementor-top-section elementor-element elementor-element-152a7e5 elementor-section-stretched animated-slow elementor-section-height-full elementor-section-boxed elementor-section-height-default elementor-section-items-middle\" data-id=\"152a7e5\" data-element_type=\"section\" data-settings=\"{&quot;stretch_section&quot;:&quot;section-stretched&quot;,&quot;background_background&quot;:&quot;classic&quot;,&quot;animation&quot;:&quot;none&quot;,&quot;animation_delay&quot;:500}\">\n\t\t\t\t\t\t\t<div class=\"elementor-background-overlay\"><\/div>\n\t\t\t\t\t\t\t<div class=\"elementor-container elementor-column-gap-default\">\n\t\t\t\t\t<div class=\"elementor-column elementor-col-100 elementor-top-column elementor-element elementor-element-d47366d\" data-id=\"d47366d\" data-element_type=\"column\">\n\t\t\t<div class=\"elementor-widget-wrap elementor-element-populated\">\n\t\t\t\t\t\t<div class=\"elementor-element elementor-element-7193d0b elementor-widget elementor-widget-image\" data-id=\"7193d0b\" data-element_type=\"widget\" data-widget_type=\"image.default\">\n\t\t\t\t<div class=\"elementor-widget-container\">\n\t\t\t\t\t\t\t\t\t\t\t\t\t\t\t<img decoding=\"async\" width=\"300\" height=\"22\" src=\"https:\/\/apolitan.com\/wp-content\/uploads\/2020\/10\/STEREOPLAYER_LOGO_gold-300x22.png\" class=\"attachment-medium size-medium wp-image-1385\" alt=\"\" srcset=\"https:\/\/apolitan.com\/wp-content\/uploads\/2020\/10\/STEREOPLAYER_LOGO_gold-300x22.png 300w, https:\/\/apolitan.com\/wp-content\/uploads\/2020\/10\/STEREOPLAYER_LOGO_gold-768x57.png 768w, https:\/\/apolitan.com\/wp-content\/uploads\/2020\/10\/STEREOPLAYER_LOGO_gold-720x54.png 720w, https:\/\/apolitan.com\/wp-content\/uploads\/2020\/10\/STEREOPLAYER_LOGO_gold.png 949w\" sizes=\"(max-width: 300px) 100vw, 300px\" \/>\t\t\t\t\t\t\t\t\t\t\t\t\t\t\t<\/div>\n\t\t\t\t<\/div>\n\t\t\t\t<div class=\"elementor-element elementor-element-d1ce51e elementor-widget elementor-widget-text-editor\" data-id=\"d1ce51e\" data-element_type=\"widget\" data-settings=\"{&quot;_animation&quot;:&quot;none&quot;}\" data-widget_type=\"text-editor.default\">\n\t\t\t\t<div class=\"elementor-widget-container\">\n\t\t\t\t\t\t\t\t\t<p>SERIOUS MUSIC SERVER<\/p>\t\t\t\t\t\t\t\t<\/div>\n\t\t\t\t<\/div>\n\t\t\t\t<div class=\"elementor-element elementor-element-e80d029 elementor-widget elementor-widget-spacer\" data-id=\"e80d029\" data-element_type=\"widget\" data-widget_type=\"spacer.default\">\n\t\t\t\t<div class=\"elementor-widget-container\">\n\t\t\t\t\t\t\t<div class=\"elementor-spacer\">\n\t\t\t<div class=\"elementor-spacer-inner\"><\/div>\n\t\t<\/div>\n\t\t\t\t\t\t<\/div>\n\t\t\t\t<\/div>\n\t\t\t\t<div class=\"elementor-element elementor-element-00bdcb6 elementor-widget elementor-widget-spacer\" data-id=\"00bdcb6\" data-element_type=\"widget\" data-widget_type=\"spacer.default\">\n\t\t\t\t<div class=\"elementor-widget-container\">\n\t\t\t\t\t\t\t<div class=\"elementor-spacer\">\n\t\t\t<div class=\"elementor-spacer-inner\"><\/div>\n\t\t<\/div>\n\t\t\t\t\t\t<\/div>\n\t\t\t\t<\/div>\n\t\t\t\t<div class=\"elementor-element elementor-element-537db0c elementor-widget elementor-widget-spacer\" data-id=\"537db0c\" data-element_type=\"widget\" data-widget_type=\"spacer.default\">\n\t\t\t\t<div class=\"elementor-widget-container\">\n\t\t\t\t\t\t\t<div class=\"elementor-spacer\">\n\t\t\t<div class=\"elementor-spacer-inner\"><\/div>\n\t\t<\/div>\n\t\t\t\t\t\t<\/div>\n\t\t\t\t<\/div>\n\t\t\t\t\t<\/div>\n\t\t<\/div>\n\t\t\t\t\t<\/div>\n\t\t<\/section>\n\t\t\t\t<section class=\"elementor-section elementor-top-section elementor-element elementor-element-e08a9b7 elementor-section-stretched elementor-section-full_width elementor-section-height-full elementor-section-height-default elementor-section-items-middle\" data-id=\"e08a9b7\" data-element_type=\"section\" data-settings=\"{&quot;stretch_section&quot;:&quot;section-stretched&quot;,&quot;background_background&quot;:&quot;classic&quot;}\">\n\t\t\t\t\t\t<div class=\"elementor-container elementor-column-gap-default\">\n\t\t\t\t\t<div class=\"elementor-column elementor-col-50 elementor-top-column elementor-element elementor-element-847336a\" data-id=\"847336a\" data-element_type=\"column\">\n\t\t\t<div class=\"elementor-widget-wrap elementor-element-populated\">\n\t\t\t\t\t\t<div class=\"elementor-element elementor-element-e097c0f elementor-widget elementor-widget-spacer\" data-id=\"e097c0f\" data-element_type=\"widget\" data-widget_type=\"spacer.default\">\n\t\t\t\t<div class=\"elementor-widget-container\">\n\t\t\t\t\t\t\t<div class=\"elementor-spacer\">\n\t\t\t<div class=\"elementor-spacer-inner\"><\/div>\n\t\t<\/div>\n\t\t\t\t\t\t<\/div>\n\t\t\t\t<\/div>\n\t\t\t\t<div class=\"elementor-element elementor-element-6d97a42 animated-slow elementor-widget elementor-widget-text-editor\" data-id=\"6d97a42\" data-element_type=\"widget\" data-settings=\"{&quot;_animation&quot;:&quot;none&quot;,&quot;_animation_delay&quot;:1800}\" data-widget_type=\"text-editor.default\">\n\t\t\t\t<div class=\"elementor-widget-container\">\n\t\t\t\t\t\t\t\t\t<p style=\"text-align: center;\">Discontinued<\/p>\t\t\t\t\t\t\t\t<\/div>\n\t\t\t\t<\/div>\n\t\t\t\t<div class=\"elementor-element elementor-element-63f5b1b elementor-widget elementor-widget-text-editor\" data-id=\"63f5b1b\" data-element_type=\"widget\" data-widget_type=\"text-editor.default\">\n\t\t\t\t<div class=\"elementor-widget-container\">\n\t\t\t\t\t\t\t\t\t<p>Der STEREOPLAYER ist ein<\/p><p>ausgereiftes digitales Quellger\u00e4t und vermittelt<\/p><p>ein vollkommen analoges Musikerlebnis.<\/p>\t\t\t\t\t\t\t\t<\/div>\n\t\t\t\t<\/div>\n\t\t\t\t<div class=\"elementor-element elementor-element-6625263 elementor-widget elementor-widget-spacer\" data-id=\"6625263\" data-element_type=\"widget\" data-widget_type=\"spacer.default\">\n\t\t\t\t<div class=\"elementor-widget-container\">\n\t\t\t\t\t\t\t<div class=\"elementor-spacer\">\n\t\t\t<div class=\"elementor-spacer-inner\"><\/div>\n\t\t<\/div>\n\t\t\t\t\t\t<\/div>\n\t\t\t\t<\/div>\n\t\t\t\t\t<\/div>\n\t\t<\/div>\n\t\t\t\t<div class=\"elementor-column elementor-col-50 elementor-top-column elementor-element elementor-element-aad9632\" data-id=\"aad9632\" data-element_type=\"column\">\n\t\t\t<div class=\"elementor-widget-wrap elementor-element-populated\">\n\t\t\t\t\t\t<div class=\"elementor-element elementor-element-58c32df elementor-widget elementor-widget-text-editor\" data-id=\"58c32df\" data-element_type=\"widget\" data-widget_type=\"text-editor.default\">\n\t\t\t\t<div class=\"elementor-widget-container\">\n\t\t\t\t\t\t\t\t\t<p>Nach nunmehr f\u00fcnf Jahren und \u00fcberaus<\/p><p>gl\u00fccklichen Kunden ist es trotzdem an der Zeit,<\/p><p>einen w\u00fcrdigen Nachfolger zu pr\u00e4sentieren.<\/p><p>Selbstverst\u00e4ndlich stehen wir jederzeit zur Verf\u00fcgung,<\/p><p>sollte es Fragen oder Unstimmigkeiten mit einem STEREOPLAYER geben.<\/p><p>Sie wissen, wir sind f\u00fcr Sie da,<\/p><p>auch wenn die eigentliche Garantie l\u00e4ngst abgelaufen ist.<\/p><p>Wir w\u00fcnschen uns nur einen Kunden &#8211; und das ist ein gl\u00fccklicher Kunde.<\/p>\t\t\t\t\t\t\t\t<\/div>\n\t\t\t\t<\/div>\n\t\t\t\t\t<\/div>\n\t\t<\/div>\n\t\t\t\t\t<\/div>\n\t\t<\/section>\n\t\t\t\t<section class=\"elementor-section elementor-top-section elementor-element elementor-element-0c973c1 elementor-section-stretched elementor-section-boxed elementor-section-height-default elementor-section-height-default\" data-id=\"0c973c1\" data-element_type=\"section\" data-settings=\"{&quot;stretch_section&quot;:&quot;section-stretched&quot;,&quot;background_background&quot;:&quot;classic&quot;}\">\n\t\t\t\t\t\t<div class=\"elementor-container elementor-column-gap-default\">\n\t\t\t\t\t<div class=\"elementor-column elementor-col-50 elementor-top-column elementor-element elementor-element-288904a\" data-id=\"288904a\" data-element_type=\"column\">\n\t\t\t<div class=\"elementor-widget-wrap elementor-element-populated\">\n\t\t\t\t\t\t<div class=\"elementor-element elementor-element-ebc09ee elementor-widget elementor-widget-spacer\" data-id=\"ebc09ee\" data-element_type=\"widget\" data-widget_type=\"spacer.default\">\n\t\t\t\t<div class=\"elementor-widget-container\">\n\t\t\t\t\t\t\t<div class=\"elementor-spacer\">\n\t\t\t<div class=\"elementor-spacer-inner\"><\/div>\n\t\t<\/div>\n\t\t\t\t\t\t<\/div>\n\t\t\t\t<\/div>\n\t\t\t\t<div class=\"elementor-element elementor-element-5962676 animated-slow elementor-widget elementor-widget-text-editor\" data-id=\"5962676\" data-element_type=\"widget\" data-settings=\"{&quot;_animation&quot;:&quot;none&quot;,&quot;_animation_delay&quot;:1800}\" data-widget_type=\"text-editor.default\">\n\t\t\t\t<div class=\"elementor-widget-container\">\n\t\t\t\t\t\t\t\t\t<p>Testimonials<\/p>\t\t\t\t\t\t\t\t<\/div>\n\t\t\t\t<\/div>\n\t\t\t\t<div class=\"elementor-element elementor-element-2007d20 elementor-widget elementor-widget-image\" data-id=\"2007d20\" data-element_type=\"widget\" data-widget_type=\"image.default\">\n\t\t\t\t<div class=\"elementor-widget-container\">\n\t\t\t\t\t\t\t\t\t\t\t\t\t\t\t<img fetchpriority=\"high\" decoding=\"async\" width=\"768\" height=\"574\" src=\"https:\/\/apolitan.com\/wp-content\/uploads\/2026\/01\/STEREOPLAYER_Scenery_1_-768x574.jpg\" class=\"attachment-medium_large size-medium_large wp-image-4216\" alt=\"\" srcset=\"https:\/\/apolitan.com\/wp-content\/uploads\/2026\/01\/STEREOPLAYER_Scenery_1_-768x574.jpg 768w, https:\/\/apolitan.com\/wp-content\/uploads\/2026\/01\/STEREOPLAYER_Scenery_1_-300x224.jpg 300w, https:\/\/apolitan.com\/wp-content\/uploads\/2026\/01\/STEREOPLAYER_Scenery_1_-16x12.jpg 16w, https:\/\/apolitan.com\/wp-content\/uploads\/2026\/01\/STEREOPLAYER_Scenery_1_-720x538.jpg 720w, https:\/\/apolitan.com\/wp-content\/uploads\/2026\/01\/STEREOPLAYER_Scenery_1_.jpg 1024w\" sizes=\"(max-width: 768px) 100vw, 768px\" \/>\t\t\t\t\t\t\t\t\t\t\t\t\t\t\t<\/div>\n\t\t\t\t<\/div>\n\t\t\t\t<div class=\"elementor-element elementor-element-de7e7fc elementor-widget elementor-widget-text-editor\" data-id=\"de7e7fc\" data-element_type=\"widget\" data-settings=\"{&quot;_animation&quot;:&quot;none&quot;}\" data-widget_type=\"text-editor.default\">\n\t\t\t\t<div class=\"elementor-widget-container\">\n\t\t\t\t\t\t\t\t\t<p>Feedback<\/p>\t\t\t\t\t\t\t\t<\/div>\n\t\t\t\t<\/div>\n\t\t\t\t<div class=\"elementor-element elementor-element-998050f elementor-widget elementor-widget-testimonial\" data-id=\"998050f\" data-element_type=\"widget\" data-widget_type=\"testimonial.default\">\n\t\t\t\t<div class=\"elementor-widget-container\">\n\t\t\t\t\t\t\t<div class=\"elementor-testimonial-wrapper\">\n\t\t\t\t\t\t\t<div class=\"elementor-testimonial-content\">\"... because when it comes to a source device of the highest demands, apolitan is still a real insider tip for me, which can really look forward to any comparison to devices from well -known competitors ...\"<\/div>\n\t\t\t\n\t\t\t\t\t\t<div class=\"elementor-testimonial-meta\">\n\t\t\t\t<div class=\"elementor-testimonial-meta-inner\">\n\t\t\t\t\t\n\t\t\t\t\t\t\t\t\t\t<div class=\"elementor-testimonial-details\">\n\t\t\t\t\t\t\t\t\t\t\t\t\t\t<div class=\"elementor-testimonial-name\">Martin R.<\/div>\n\t\t\t\t\t\t\t\t\t\t\t\t\t\t\t\t\t\t\t\t\t\t<div class=\"elementor-testimonial-job\">Customer<\/div>\n\t\t\t\t\t\t\t\t\t\t\t\t\t<\/div>\n\t\t\t\t\t\t\t\t\t<\/div>\n\t\t\t<\/div>\n\t\t\t\t\t<\/div>\n\t\t\t\t\t\t<\/div>\n\t\t\t\t<\/div>\n\t\t\t\t<div class=\"elementor-element elementor-element-1b00350 elementor-widget elementor-widget-testimonial\" data-id=\"1b00350\" data-element_type=\"widget\" data-widget_type=\"testimonial.default\">\n\t\t\t\t<div class=\"elementor-widget-container\">\n\t\t\t\t\t\t\t<div class=\"elementor-testimonial-wrapper\">\n\t\t\t\t\t\t\t<div class=\"elementor-testimonial-content\">Part1:\n\n\"\u2026das hat ja fix geklappt und klingt gleich und ohne Aufw\u00e4rmzeit beim ersten Album der \u201eAmbitious Lovers - Lust\u201c sehr angenehm. Wow.\nDiese Scheibe erschlie\u00dft sich mir gerade v\u00f6llig neu. Ein Live Mitschnitt aus \u201875 aus einem Club mit ungeheuer viel Atmosph\u00e4re: man h\u00f6rt Gespr\u00e4che, Lachen, Husten, Geschirr und Gl\u00e4ser klirren. Fr\u00fcher hat man das sehr wie aus einer sehr tiefen R\u00f6hre, geradezu \u201etunnelig\u201c geh\u00f6rt. Nur \u00fcber meine Kopfh\u00f6rer gelangte ich an die vielf\u00e4ltigen Informationen, die einem das Live-Erlebnis erst vermitteln. Nun geht es auch \u00fcber die Lautsprechet - sehr faszinierend!\n\nWoher kommen auf einmal die Informationen, dass alle Sounds\/Ger\u00e4usche (und nat\u00fcrlich die Instrumente!) auf dieser Scheibe so gut im Raum angeordnet sind? (Selbst meinem dicken Plattenspieler mit sehr sch\u00f6n aufl\u00f6senden Benz SL-System gelingt das nicht so gut, wie Ihrem DAC).\n\nAu\u00dferdem klingen sonst \u201escharf oder schrill\u201c - also eher h\u00f6henlastige St\u00fccke  gleich beim ersten H\u00f6ren weicher und irgendwie \u201eaushaltbar\u201c\u2026 (habe zwar erst drei dieser bekannten Qu\u00e4lnummern geh\u00f6rt, f\u00e4llt aber sofort auf.\n\nEntschuldigen Sie bitte meinen Schreibdurchfall, aber ich bin hier nur gerade etwas perplex und muss meinem Erstaunen Ausdruck verleihen.\"\n\n\nPart2:\nGerade gestern erst habe ich -nach einer Woche des t\u00e4glichen H\u00f6rens- von ihrem DSD-DAC auf mein Aqua La Scala umgestellt und den ganzen Abend intensiv Musik geh\u00f6rt.\n\nIch war ganz baff, dass meiner Erwartung, dass es nat\u00fcrlich \u201eanders\u201c, aber nicht unbedingt schlechter klingen w\u00fcrde, sich ein anderes Erlebnis hinzug\u00fcgte. \nEs trat eine gewisse Ern\u00fcchterung dar\u00fcber, dass mir tats\u00e4chlich etwas fehlt, ein. \n\nErn\u00fcchterung dar\u00fcber, dass ich mir, auch nicht durch st\u00e4ndiges H\u00f6ren des La Scala DAC, mein unter der Woche per DSD verschaffte Eindruck weichen w\u00fcrde. \n\nEs ist mir nun klar, dass mich das Aqua DAC nicht wieder zur\u00fcck erobern kann - soweit so schade &amp; leider auch teuer.\n\nAuch beim Klangempfinden scheint der alte Voltaire-Spruch vom Besseren als Feind des Guten, uneingeschr\u00e4nkte G\u00fcltigkeit zu besitzen\u2026\n\nWas fand ich besser? \n\nZuerst nur die unfassbare Aufl\u00f6sung und r\u00e4umliche Anordnung von Instrumenten und Stimmen im Raum. Gewisse Liveaufnahmen habe ich tlw. jetzt erst richtig sch\u00e4tzen gelernt, wie den bereits erw\u00e4hnten Jim Hall.\n\nAber nach einer gewissen Zeit des H\u00f6rens fiel auf, dass ich auch Musik, die ich bis dahin als etwas unentspannt bis sogar nervend wahrgenommen habe, relaxt genie\u00dfen konnte. \n\nIch wei\u00df es nicht und irgendwie ist es mir hinsichtlich meines MusikHobbys auch egal, aber der Effekt ist irritierend offensichtlich: es klingt auf eine gewisse Weise klarer und sehr angenehm stimmig.\n\nInsofern -und der langen Rede kurzer Sinn- bleibt mir nur noch, Sie danach zu fragen, was wir denn jetzt machen, wenn ich das gute St\u00fcck nur ungern zur\u00fccksenden w\u00fcrde...?\n\nHerzliche Gr\u00fc\u00dfe sendet ein begeisterter\n<\/div>\n\t\t\t\n\t\t\t\t\t\t<div class=\"elementor-testimonial-meta\">\n\t\t\t\t<div class=\"elementor-testimonial-meta-inner\">\n\t\t\t\t\t\n\t\t\t\t\t\t\t\t\t\t<div class=\"elementor-testimonial-details\">\n\t\t\t\t\t\t\t\t\t\t\t\t\t\t<div class=\"elementor-testimonial-name\">Michael S.<\/div>\n\t\t\t\t\t\t\t\t\t\t\t\t\t\t\t\t\t\t\t\t\t\t<div class=\"elementor-testimonial-job\">Customer<\/div>\n\t\t\t\t\t\t\t\t\t\t\t\t\t<\/div>\n\t\t\t\t\t\t\t\t\t<\/div>\n\t\t\t<\/div>\n\t\t\t\t\t<\/div>\n\t\t\t\t\t\t<\/div>\n\t\t\t\t<\/div>\n\t\t\t\t<div class=\"elementor-element elementor-element-862a2d5 elementor-widget elementor-widget-spacer\" data-id=\"862a2d5\" data-element_type=\"widget\" data-widget_type=\"spacer.default\">\n\t\t\t\t<div class=\"elementor-widget-container\">\n\t\t\t\t\t\t\t<div class=\"elementor-spacer\">\n\t\t\t<div class=\"elementor-spacer-inner\"><\/div>\n\t\t<\/div>\n\t\t\t\t\t\t<\/div>\n\t\t\t\t<\/div>\n\t\t\t\t\t<\/div>\n\t\t<\/div>\n\t\t\t\t<div class=\"elementor-column elementor-col-50 elementor-top-column elementor-element elementor-element-dd0ea46\" data-id=\"dd0ea46\" data-element_type=\"column\">\n\t\t\t<div class=\"elementor-widget-wrap elementor-element-populated\">\n\t\t\t\t\t\t<div class=\"elementor-element elementor-element-ffb6ca1 elementor-widget elementor-widget-spacer\" data-id=\"ffb6ca1\" data-element_type=\"widget\" data-widget_type=\"spacer.default\">\n\t\t\t\t<div class=\"elementor-widget-container\">\n\t\t\t\t\t\t\t<div class=\"elementor-spacer\">\n\t\t\t<div class=\"elementor-spacer-inner\"><\/div>\n\t\t<\/div>\n\t\t\t\t\t\t<\/div>\n\t\t\t\t<\/div>\n\t\t\t\t<div class=\"elementor-element elementor-element-a3ae370 elementor-widget elementor-widget-testimonial\" data-id=\"a3ae370\" data-element_type=\"widget\" data-widget_type=\"testimonial.default\">\n\t\t\t\t<div class=\"elementor-widget-container\">\n\t\t\t\t\t\t\t<div class=\"elementor-testimonial-wrapper\">\n\t\t\t\t\t\t\t<div class=\"elementor-testimonial-content\">\"... I can only say that the effort was worth it. I would buy the music server again exactly ...\"<\/div>\n\t\t\t\n\t\t\t\t\t\t<div class=\"elementor-testimonial-meta\">\n\t\t\t\t<div class=\"elementor-testimonial-meta-inner\">\n\t\t\t\t\t\n\t\t\t\t\t\t\t\t\t\t<div class=\"elementor-testimonial-details\">\n\t\t\t\t\t\t\t\t\t\t\t\t\t\t<div class=\"elementor-testimonial-name\">Ekkehart T.<\/div>\n\t\t\t\t\t\t\t\t\t\t\t\t\t\t\t\t\t\t\t\t\t\t<div class=\"elementor-testimonial-job\">Customer<\/div>\n\t\t\t\t\t\t\t\t\t\t\t\t\t<\/div>\n\t\t\t\t\t\t\t\t\t<\/div>\n\t\t\t<\/div>\n\t\t\t\t\t<\/div>\n\t\t\t\t\t\t<\/div>\n\t\t\t\t<\/div>\n\t\t\t\t<div class=\"elementor-element elementor-element-9bd151b elementor-widget elementor-widget-testimonial\" data-id=\"9bd151b\" data-element_type=\"widget\" data-widget_type=\"testimonial.default\">\n\t\t\t\t<div class=\"elementor-widget-container\">\n\t\t\t\t\t\t\t<div class=\"elementor-testimonial-wrapper\">\n\t\t\t\t\t\t\t<div class=\"elementor-testimonial-content\">\"Thank you for the test device. After three days and initial start-up difficulties, I have now been able to get a first picture. Your fears that I would take the test device can\" unfortunately \"confirm ;-) In addition to many things, it is in particular Three to four parameters that the DAC makes different from my (...): rather dark timbre, which remains very authentic at higher volume. In my opinion Worked out. Room resonances in the bass in my 10 m long room are largely eliminated, which speaks for a very differentiated reproduction of the bass impulses. In general, the structures of the low -tone components, even compared to the (...), which takes up a good position here, are again 2 classes more finely worked out. So, I would like to keep it. \"\n<\/div>\n\t\t\t\n\t\t\t\t\t\t<div class=\"elementor-testimonial-meta\">\n\t\t\t\t<div class=\"elementor-testimonial-meta-inner\">\n\t\t\t\t\t\n\t\t\t\t\t\t\t\t\t\t<div class=\"elementor-testimonial-details\">\n\t\t\t\t\t\t\t\t\t\t\t\t\t\t<div class=\"elementor-testimonial-name\">Andreas S.<\/div>\n\t\t\t\t\t\t\t\t\t\t\t\t\t\t\t\t\t\t\t\t\t\t<div class=\"elementor-testimonial-job\">Customer<\/div>\n\t\t\t\t\t\t\t\t\t\t\t\t\t<\/div>\n\t\t\t\t\t\t\t\t\t<\/div>\n\t\t\t<\/div>\n\t\t\t\t\t<\/div>\n\t\t\t\t\t\t<\/div>\n\t\t\t\t<\/div>\n\t\t\t\t<div class=\"elementor-element elementor-element-0b54e37 elementor-widget elementor-widget-testimonial\" data-id=\"0b54e37\" data-element_type=\"widget\" data-widget_type=\"testimonial.default\">\n\t\t\t\t<div class=\"elementor-widget-container\">\n\t\t\t\t\t\t\t<div class=\"elementor-testimonial-wrapper\">\n\t\t\t\t\t\t\t<div class=\"elementor-testimonial-content\">\"Admittedly, I couldn't really make friends with digital music and the associated players. Perhaps it was also because my best friend was forced me to buy a CD player in the early days of the CD. Until then, the good old vinyl sacred. When listening to music on CD, I always lacked something. I was more likely to consume digital music and rarely enjoy it properly. Even the best CD players could not inspire me permanently, whether accuphase, forsell or music Components. And then there has been streaming - mega convenient, huge music selection and master quality for several years. You could think: What does the music -loving heart want more? However, even here I am - even with various different components - never permanently happy became. My reference remained the vinyl. A few years ago I started to change my facility. away from the award -winning test winners au S of mass production and towards small manufacturers who develop exceptional high -end with a lot of expertise and lots of passion. In this context, I became aware of the apolitan. What should I talk around the hot porridge? In my view, Oliver Winkler is just a type of developer in which the heart beats for music. After the first phone call, I had a very good feeling. With his philosophy of music and its reproduction, I was able to identify myself immediately. Then made an appointment, drive there and picked up a device for a trial. The usability is very easy, I find the design appealing and timeless. Since I already had a necessary Roon account, nothing stood in the way of music enjoyment. And in my eyes, music enjoyment is exactly the right description. Everything is right for me. No digital hardness. The music is just there. Everything as it should be. The sound of this wonderful apolitan completely inspired me. The first time after so many years I had goose bumps with digital music. Apolitan plays pure music without any effects. I can completely indulge in music and relax. Even the little hairs on the body regularly give feedback that everything is right. Thanks for this extraordinary product. The purchase decision was made quickly. For me, the apolitan now means: digital music - very happy, at any time. :-) \"\n<\/div>\n\t\t\t\n\t\t\t\t\t\t<div class=\"elementor-testimonial-meta\">\n\t\t\t\t<div class=\"elementor-testimonial-meta-inner\">\n\t\t\t\t\t\n\t\t\t\t\t\t\t\t\t\t<div class=\"elementor-testimonial-details\">\n\t\t\t\t\t\t\t\t\t\t\t\t\t\t<div class=\"elementor-testimonial-name\">Markus T.<\/div>\n\t\t\t\t\t\t\t\t\t\t\t\t\t\t\t\t\t\t\t\t\t\t<div class=\"elementor-testimonial-job\">Customer<\/div>\n\t\t\t\t\t\t\t\t\t\t\t\t\t<\/div>\n\t\t\t\t\t\t\t\t\t<\/div>\n\t\t\t<\/div>\n\t\t\t\t\t<\/div>\n\t\t\t\t\t\t<\/div>\n\t\t\t\t<\/div>\n\t\t\t\t\t<\/div>\n\t\t<\/div>\n\t\t\t\t\t<\/div>\n\t\t<\/section>\n\t\t\t\t<\/div>","protected":false},"excerpt":{"rendered":"<p>SERIOUS MUSIC SERVER Discontinued Der STEREOPLAYER ist ein ausgereiftes digitales Quellger\u00e4t und vermittelt ein vollkommen analoges Musikerlebnis. Nach nunmehr f\u00fcnf [&hellip;]<\/p>","protected":false},"author":1,"featured_media":0,"parent":0,"menu_order":0,"comment_status":"closed","ping_status":"closed","template":"elementor_header_footer","meta":{"footnotes":""},"class_list":["post-2863","page","type-page","status-publish","hentry"],"_links":{"self":[{"href":"https:\/\/apolitan.com\/en\/wp-json\/wp\/v2\/pages\/2863","targetHints":{"allow":["GET"]}}],"collection":[{"href":"https:\/\/apolitan.com\/en\/wp-json\/wp\/v2\/pages"}],"about":[{"href":"https:\/\/apolitan.com\/en\/wp-json\/wp\/v2\/types\/page"}],"author":[{"embeddable":true,"href":"https:\/\/apolitan.com\/en\/wp-json\/wp\/v2\/users\/1"}],"replies":[{"embeddable":true,"href":"https:\/\/apolitan.com\/en\/wp-json\/wp\/v2\/comments?post=2863"}],"version-history":[{"count":22,"href":"https:\/\/apolitan.com\/en\/wp-json\/wp\/v2\/pages\/2863\/revisions"}],"predecessor-version":[{"id":4222,"href":"https:\/\/apolitan.com\/en\/wp-json\/wp\/v2\/pages\/2863\/revisions\/4222"}],"wp:attachment":[{"href":"https:\/\/apolitan.com\/en\/wp-json\/wp\/v2\/media?parent=2863"}],"curies":[{"name":"wp","href":"https:\/\/api.w.org\/{rel}","templated":true}]}}