{"id":523,"date":"2018-09-26T13:17:13","date_gmt":"2018-09-26T13:17:13","guid":{"rendered":"http:\/\/demo.athemes.com\/atu-agency\/?page_id=198"},"modified":"2026-01-06T23:08:46","modified_gmt":"2026-01-06T23:08:46","slug":"about-us","status":"publish","type":"page","link":"https:\/\/apolitan.com\/en\/about-us\/","title":{"rendered":"About Us"},"content":{"rendered":"<div data-elementor-type=\"wp-post\" data-elementor-id=\"523\" class=\"elementor elementor-523\">\n\t\t\t\t\t\t<section class=\"elementor-section elementor-top-section elementor-element elementor-element-24091db elementor-section-stretched animated-slow elementor-section-height-min-height elementor-section-boxed elementor-section-height-default elementor-section-items-middle\" data-id=\"24091db\" data-element_type=\"section\" data-settings=\"{&quot;stretch_section&quot;:&quot;section-stretched&quot;,&quot;background_background&quot;:&quot;gradient&quot;,&quot;animation&quot;:&quot;none&quot;,&quot;animation_delay&quot;:500}\">\n\t\t\t\t\t\t\t<div class=\"elementor-background-overlay\"><\/div>\n\t\t\t\t\t\t\t<div class=\"elementor-container elementor-column-gap-default\">\n\t\t\t\t\t<div class=\"elementor-column elementor-col-100 elementor-top-column elementor-element elementor-element-1095bb6\" data-id=\"1095bb6\" data-element_type=\"column\">\n\t\t\t<div class=\"elementor-widget-wrap\">\n\t\t\t\t\t\t\t<\/div>\n\t\t<\/div>\n\t\t\t\t\t<\/div>\n\t\t<\/section>\n\t\t\t\t<section class=\"elementor-section elementor-top-section elementor-element elementor-element-6c60869 elementor-section-stretched animated-slow elementor-section-height-min-height elementor-section-boxed elementor-section-height-default elementor-section-items-middle\" data-id=\"6c60869\" data-element_type=\"section\" data-settings=\"{&quot;stretch_section&quot;:&quot;section-stretched&quot;,&quot;background_background&quot;:&quot;classic&quot;,&quot;animation&quot;:&quot;none&quot;,&quot;animation_delay&quot;:500}\">\n\t\t\t\t\t\t\t<div class=\"elementor-background-overlay\"><\/div>\n\t\t\t\t\t\t\t<div class=\"elementor-container elementor-column-gap-default\">\n\t\t\t\t\t<div class=\"elementor-column elementor-col-100 elementor-top-column elementor-element elementor-element-ee6f556\" data-id=\"ee6f556\" data-element_type=\"column\">\n\t\t\t<div class=\"elementor-widget-wrap elementor-element-populated\">\n\t\t\t\t\t\t<div class=\"elementor-element elementor-element-10fac0a elementor-widget elementor-widget-text-editor\" data-id=\"10fac0a\" data-element_type=\"widget\" data-widget_type=\"text-editor.default\">\n\t\t\t\t<div class=\"elementor-widget-container\">\n\t\t\t\t\t\t\t\t\t<p>About Us<\/p>\t\t\t\t\t\t\t\t<\/div>\n\t\t\t\t<\/div>\n\t\t\t\t<div class=\"elementor-element elementor-element-ef4152d elementor-widget elementor-widget-text-editor\" data-id=\"ef4152d\" data-element_type=\"widget\" data-settings=\"{&quot;_animation&quot;:&quot;none&quot;}\" data-widget_type=\"text-editor.default\">\n\t\t\t\t<div class=\"elementor-widget-container\">\n\t\t\t\t\t\t\t\t\t<p>Wahre Exzellenz braucht kein Prestige. Sie braucht Wahrheit.<\/p><p>In der Welt des High-End-Audio gibt es zwei Wege.<\/p><p>Der eine Weg f\u00fchrt zu den gro\u00dfen Namen der Branche. Zu Marken, die man aus Hochglanzmagazinen und Luxuslimousinen kennt. Es sind beeindruckende Ger\u00e4te \u2013 perfekt verarbeitet, prestigetr\u00e4chtig und darauf ausgelegt, ein Statussymbol zu sein. Doch blickt man hinter die massive Aluminiumfront der industriellen Oberklasse, findet man oft das, was ich \u201eden kleinsten gemeinsamen Nenner\u201c nenne: Schaltungen, die wirtschaftlich skalierbar sein m\u00fcssen, und Bauteile, die einem globalen Marketingplan folgen.<\/p><p>Und dann gibt es den Weg von apolitan.<\/p><p>Wir bauen keine Statussymbole. Wir bauen Werkzeuge f\u00fcr die Seele. W\u00e4hrend die Industrie versucht, einen Klang zu erschaffen, der m\u00f6glichst vielen gef\u00e4llt, ist mein Anspruch bei apolitan ein anderer: Die vollst\u00e4ndige Abwesenheit von Kompromissen.<br \/>Der Unterschied liegt im Detail \u2013 und im \u201eNein\u201c.<\/p><p>Wo gro\u00dfe Hersteller \u201eJa\u201c zu kosteneffizienten Platinenlayouts sagen m\u00fcssen, sage ich bei apolitan \u201eNein\u201c.<\/p><p>Wenn eine Schaltung 40 Jahre alt ist, aber heute noch jede moderne Innovation klanglich deklassiert, dann nutzen wir sie.<\/p><p>Wenn ein Bauteil in der Beschaffung unwirtschaftlich ist, aber die entscheidende Nuance in der Tiefe des Raums freilegt, dann ist es bei uns gesetzt.<\/p><p>Industrie-Luxus vs. Manufaktur-Ehrlichkeit Bei apolitan kaufst du nicht das Prestige eines Konzerns. Du kaufst das Geh\u00f6r eines Musikers und die Akribie eines Ingenieurs, der erst dann aufh\u00f6rt, wenn das Ger\u00e4t aus seiner eigenen Referenzkette nicht mehr wegzudenken ist.<\/p><p>Unsere Ger\u00e4te sind nicht daf\u00fcr da, dein Wohnzimmer zu dekorieren (auch wenn sie es tun). Sie sind daf\u00fcr da, die Distanz zwischen dir und der Aufnahme auf null zu reduzieren. Ganz egoistisch. Ganz kompromisslos.<\/p><p>apolitan. State of the Art \u2013 jenseits des Standards.<\/p>\t\t\t\t\t\t\t\t<\/div>\n\t\t\t\t<\/div>\n\t\t\t\t<div class=\"elementor-element elementor-element-a544636 elementor-widget elementor-widget-text-editor\" data-id=\"a544636\" data-element_type=\"widget\" data-settings=\"{&quot;_animation&quot;:&quot;none&quot;}\" data-widget_type=\"text-editor.default\">\n\t\t\t\t<div class=\"elementor-widget-container\">\n\t\t\t\t\t\t\t\t\t<h5>\u00a0<\/h5><div>\u00a0<\/div><div>\u00a0<\/div><div>Oliver Winkler<\/div><div>CEO<\/div>\t\t\t\t\t\t\t\t<\/div>\n\t\t\t\t<\/div>\n\t\t\t\t\t<\/div>\n\t\t<\/div>\n\t\t\t\t\t<\/div>\n\t\t<\/section>\n\t\t\t\t<section class=\"elementor-section elementor-top-section elementor-element elementor-element-4c3d283 elementor-section-stretched animated-slow elementor-section-height-min-height elementor-section-boxed elementor-section-height-default elementor-section-items-middle\" data-id=\"4c3d283\" data-element_type=\"section\" data-settings=\"{&quot;stretch_section&quot;:&quot;section-stretched&quot;,&quot;background_background&quot;:&quot;gradient&quot;,&quot;animation&quot;:&quot;none&quot;,&quot;animation_delay&quot;:500}\">\n\t\t\t\t\t\t\t<div class=\"elementor-background-overlay\"><\/div>\n\t\t\t\t\t\t\t<div class=\"elementor-container elementor-column-gap-default\">\n\t\t\t\t\t<div class=\"elementor-column elementor-col-100 elementor-top-column elementor-element elementor-element-d3254d4\" data-id=\"d3254d4\" data-element_type=\"column\">\n\t\t\t<div class=\"elementor-widget-wrap\">\n\t\t\t\t\t\t\t<\/div>\n\t\t<\/div>\n\t\t\t\t\t<\/div>\n\t\t<\/section>\n\t\t\t\t<\/div>","protected":false},"excerpt":{"rendered":"<p>\u00dcber uns Wahre Exzellenz braucht kein Prestige. Sie braucht Wahrheit. In der Welt des High-End-Audio gibt es zwei Wege. Der [&hellip;]<\/p>","protected":false},"author":1,"featured_media":0,"parent":0,"menu_order":0,"comment_status":"closed","ping_status":"closed","template":"page-templates\/template_page-builder.php","meta":{"footnotes":""},"class_list":["post-523","page","type-page","status-publish","hentry"],"_links":{"self":[{"href":"https:\/\/apolitan.com\/en\/wp-json\/wp\/v2\/pages\/523","targetHints":{"allow":["GET"]}}],"collection":[{"href":"https:\/\/apolitan.com\/en\/wp-json\/wp\/v2\/pages"}],"about":[{"href":"https:\/\/apolitan.com\/en\/wp-json\/wp\/v2\/types\/page"}],"author":[{"embeddable":true,"href":"https:\/\/apolitan.com\/en\/wp-json\/wp\/v2\/users\/1"}],"replies":[{"embeddable":true,"href":"https:\/\/apolitan.com\/en\/wp-json\/wp\/v2\/comments?post=523"}],"version-history":[{"count":44,"href":"https:\/\/apolitan.com\/en\/wp-json\/wp\/v2\/pages\/523\/revisions"}],"predecessor-version":[{"id":4099,"href":"https:\/\/apolitan.com\/en\/wp-json\/wp\/v2\/pages\/523\/revisions\/4099"}],"wp:attachment":[{"href":"https:\/\/apolitan.com\/en\/wp-json\/wp\/v2\/media?parent=523"}],"curies":[{"name":"wp","href":"https:\/\/api.w.org\/{rel}","templated":true}]}}